{"id":439,"date":"2025-05-06T18:13:19","date_gmt":"2025-05-06T09:13:19","guid":{"rendered":"http:\/\/www.fi-society.org\/?page_id=439"},"modified":"2025-05-07T21:53:45","modified_gmt":"2025-05-07T12:53:45","slug":"qa01","status":"publish","type":"page","link":"https:\/\/www.fi-society.org\/index.php\/qaroom\/qa01\/","title":{"rendered":"1.\u793e\u4f1a\u60c5\u5831\u3068\u6a5f\u68b0\u60c5\u5831\u306e\u5177\u4f53\u7684\u306a\u5883\u306f\u4f55\u3067\u3059\u304b\uff1f"},"content":{"rendered":"\n<table bgcolor=\"#d1edd5\"><tr><td>\n<div style=\"font-size:25px;\"><span style=\"color:#e34922\">\u8cea\u554f<\/span><br>\n<div style=\"font-size:25px;\">\u3000\u793e\u4f1a\u60c5\u5831\u3068\u6a5f\u68b0\u60c5\u5831\u306e\u5177\u4f53\u7684\u306a\u5883\u306f\u4f55\u3067\u3059\u304b\uff1f<\/div><\/div>\n<div style=\"text-align:right;\">\u8cea\u554f\u8005 \u300cG.N\u300d\u3055\u3093<\/div>\n<\/td><\/tr><\/table>\n\n\n\n<hr class=\"wp-block-separator has-alpha-channel-opacity\"\/>\n\n\n\n<table bgcolor=\"#f4d7c3\">\n<tr>\n<td>\n<div style=\"font-size:25px;\"><span style=\"color:#5856e8\">\u56de\u7b54<\/span><br>\n<strong>\u3000\u201c\u8ab0\u306b\u3067\u3082\u5f53\u3066\u306f\u307e\u308b\u3088\u3046\u306a\u5171\u901a\u3057\u305f\u5177\u4f53\u7684\u306a\u5883\u201d\u3068\u3044\u3046\u3082\u306e\u306f\u5b58\u5728\u3057\u307e\u305b\u3093\u3002<\/strong><\/div>\n<\/td>\n<\/tr>\n<\/table>\n\n\n\n<hr class=\"wp-block-separator has-alpha-channel-opacity\"\/>\n\n\n\n<span style=\"background-color:#c0e4ed;font-size:25px;\">\u00a0\u89e3\u8aac\u30fb\u8aac\u660e<\/span><br><br>\n<table border=\"1\"><tr><td>\n\u3000\u6a5f\u68b0\u60c5\u5831\u306f\u793e\u4f1a\u60c5\u5831\u306b\u5305\u62ec\u3055\u308c\u307e\u3059\u306e\u3067\u3001<span style=\"color:#ff0000;\"><strong>\u6a5f\u68b0\u60c5\u5831\u306f\u793e\u4f1a\u60c5\u5831\u3067\u3082\u3042\u308a\u307e\u3059<\/strong><\/span>\u3002\u6a5f\u68b0\u60c5\u5831\u3068\u793e\u4f1a\u60c5\u5831\u3092\u5225\u306e\u3082\u306e\u3067\u3042\u308b\u3068\u7406\u89e3\u3057\u3066\u306f\u306a\u308a\u307e\u305b\u3093\u3002\u3053\u306e\u5305\u62ec\u95a2\u4fc2\u304b\u3089\u3059\u308b\u3068\u3001\u4e21\u8005\u304c\u533a\u5225\u3067\u304d\u308b\u3088\u3046\u306a\u8cea\u554f\u305d\u306e\u3082\u306e\u304c\u30ca\u30f3\u30bb\u30f3\u30b9\u3067\u3059\u3002\u307e\u305f\u3001\u793e\u4f1a\u60c5\u5831\u304c\u6a5f\u68b0\u60c5\u5831\u306b\u5909\u5316\u3059\u308b\u3001\u3068\u3044\u3046\u8003\u3048\u3082\u3001\u5305\u62ec\u95a2\u4fc2\u304c\u6349\u3048\u3089\u308c\u3066\u304a\u3089\u305a\u9593\u9055\u3063\u3066\u3044\u307e\u3059\u3002\u5b9a\u7fa9\u306b\u5f93\u3046\u306e\u306a\u3089\u3070\u3001\u300c<strong><span style=\"color:#0000ff;\">\u793e\u4f1a\u60c5\u5831\u306f\u5177\u4f53\u7684\u306b\u3069\u3053\u304b\u3089\u6a5f\u68b0\u60c5\u5831\u3068\u3057\u3066\u306e\u6027\u8cea\u3092\u5e2f\u3073\u307e\u3059\u304b\uff1f<\/span><\/strong>\u300d\u3068\u3044\u3046\u8cea\u554f\u306b\u306a\u308b\u3067\u3057\u3087\u3046\u3002\u4ee5\u4e0b\u306f\u3001\u4fee\u6b63\u3057\u305f\u8cea\u554f\u6587\u306b\u5bfe\u3057\u3066\u306e\u8aac\u660e\u306b\u306a\u308a\u307e\u3059\u3002<\/span><\/span><br><br>\n\u3000\u6a5f\u68b0\u60c5\u5831\u306f\u300c<strong><span style=\"background-color:#ffff00;\">\u793e\u4f1a\u60c5\u5831\u304b\u3089\u610f\u5473\u5185\u5bb9\u304c\u6f5c\u5728\u5316\u3057\u305f\uff08\u6368\u8c61\u3055\u308c\u305f\uff09\u8a18\u53f7\u305d\u306e\u3082\u306e<\/span><\/strong>\u300d\u3068\u5b9a\u7fa9\u3055\u308c\u3066\u3044\u307e\u3059\u3002\u3053\u3053\u3067\u30dd\u30a4\u30f3\u30c8\u306a\u306e\u306f\u3001<span style=\"text-decoration:underline;\">\u610f\u5473\u304c\u6f5c\u5728\u5316\u3055\u308c\u3066\u3057\u307e\u3063\u305f\u306e\u306f\u8ab0\u304b<\/span>\u3001\u3068\u3044\u3046\u70b9\u3067\u3059\u3002<span style=\"color:#ff0000;\"><strong>\u3042\u308b\u60c5\u5831\u306e\u610f\u5473\u5185\u5bb9\u304c\u7406\u89e3\u3067\u304d\u308b\u304b\u3069\u3046\u304b\u306f\u3001\u305d\u306e\u4eba\u306e\u6210\u679c\u30e1\u30c7\u30a3\u30a2\u306b\u3088\u3063\u3066\u7570\u306a\u308a\u307e\u3059<\/strong><\/span>\u3002\u6570\u5b66\u306b\u77e5\u8b58\u304c\u4e4f\u3057\u3044\u4eba\u306b\u306f\u610f\u5473\u304c\u7406\u89e3\u3067\u304d\u306a(\u610f\u5473\u304c\u6f5c\u5728\u5316\u3055\u308c\u305f)\u6570\u5f0f\u3082\u3001\u305d\u306e\u7b4b\u306e\u77e5\u8b58\u304c\u3042\u308b\u4eba\u306b\u3068\u3063\u3066\u306f\u6f5c\u5728\u5316\u3055\u308c\u3066\u3044\u307e\u305b\u3093\u3002\u3064\u307e\u308a\u3001\u524d\u8005\u306b\u3068\u3063\u3066\u306f\u6a5f\u68b0\u60c5\u5831\u3067\u3059\u304c\u3001\u5f8c\u8005\u306b\u3068\u3063\u3066\u306f\u6a5f\u68b0\u60c5\u5831\u3067\u306f\u3042\u308a\u307e\u305b\u3093\uff08\u203b\u4e21\u8005\u306b\u3068\u3063\u3066\u793e\u4f1a\u60c5\u5831\u3067\u3042\u308b\u3053\u3068\u306b\u6ce8\u610f\uff01\uff09\u3002\u540c\u3058\u3088\u3046\u306a\u3053\u3068\u306f\u8272\u3005\u306a\u5834\u9762\u3067\u751f\u3058\u307e\u3059\u3002\u4f8b\u3048\u3070\u697d\u8b5c\u306f\u3069\u3046\u3067\u3057\u3087\u3046\u3002\u97f3\u697d\u306b\u7cbe\u901a\u3057\u305f\u4eba\u306a\u3089\u3070\u3001\u697d\u8b5c\u3092\u898b\u305f\u3060\u3051\u3067\u30e1\u30ed\u30c7\u30a3\u30fc\u304c\u982d\u306b\u6d6e\u304b\u3076\u3053\u3068\u3067\u3057\u3087\u3046\u3002\u3067\u3082\u9580\u5916\u6f22\u306b\u306f\u3055\u3063\u3071\u308a\u3002\u79c1\u306a\u3069\u3001\u4e00\u97f3\u4e00\u97f3\u8ffd\u3048\u308b\u3053\u3068\u304c\u3067\u304d\u305f\u3068\u3057\u3066\u3082\u548c\u97f3\u304c\u51fa\u3066\u304d\u305f\u3089\u30a2\u30a6\u30c8\u3067\u3059\u3002\u3053\u306e\u3053\u3068\u306f\u60c5\u5831\u304c\u30c7\u30b8\u30bf\u30eb\u30c7\u30fc\u30bf\u306b\u306a\u3063\u305f\u3068\u3057\u3066\u3082\u5909\u308f\u308a\u3042\u308a\u307e\u305b\u3093\u3001\u4f8b\u3048\u3070\u3001\u4eee\u306bUTF-8\u306e\u30b3\u30fc\u30c9\u3092\u5168\u3066\u6697\u8a18\u3057\u3066\u3044\u308b\u4eba\u304c\u3044\u308b\u3068\u3059\u308c\u3070\u3001\u305d\u306e\u4eba\u306b\u3068\u3063\u3066UTF-8\u306e\u30d0\u30a4\u30ca\u30ea\u30b3\u30fc\u30c9\u306f\u6a5f\u68b0\u60c5\u5831\u306b\u306a\u3089\u306a\u3044\u3053\u3068\u306b\u306a\u308a\u307e\u3059\u3002<span style=\"color:#0000ff;\"><strong>\u6a5f\u68b0\u60c5\u5831\u3068\u3057\u3066\u306e\u6027\u8cea\u3092\u5e2f\u3073\u308b\u304b\u3069\u3046\u304b\u306f\u3001\u305d\u306e\u60c5\u5831\u3092\u6271\u3046\u4eba\u306e\u4e3b\u89b3\u306b\u5de6\u53f3\u3055\u308c\u308b<\/strong><\/span>\u306e\u3067\u3001\u300c\u201c\u8ab0\u306b\u3067\u3082\u5f53\u3066\u306f\u307e\u308b\u3088\u3046\u306a\u5171\u901a\u3057\u305f\u5177\u4f53\u7684\u306a\u5883\u201d\u306f\u5b58\u5728\u3057\u306a\u3044\u300d\u3068\u3044\u3046\u7d50\u8ad6\u306b\u306a\u3063\u3066\u3057\u307e\u3044\u307e\u3059\u3002<\/span><\/span><br><br>\n\u00a0\u3000\u4ee5\u4e0a\u304c\u7406\u8ad6\u7684\u306b\u53b3\u5bc6\u306a\u56de\u7b54\u3067\u3059\u3002\u3067\u3059\u304c\u3001\u73fe\u5b9f\u554f\u984c\u3068\u3057\u3066\u30d0\u30a4\u30ca\u30ea\u30b3\u30fc\u30c9\u3092\u7a7a\u3067\u30c7\u30b3\u30fc\u30c9\u3067\u304d\u308b\u4eba\u306f\u307e\u305a\u5b58\u5728\u3057\u307e\u305b\u3093\u3002\u3068\u3059\u308b\u306a\u3089\u3070\u3001\u4fee\u6b63\u3057\u305f\u8cea\u554f\u306e\u56de\u7b54\u3068\u3057\u3066\u30c7\u30b8\u30bf\u30eb\u5316\u3092\u6319\u3052\u3066\u3082\u826f\u3044\u3088\u3046\u306b\u601d\u3048\u307e\u3059\u3002\u57fa\u790e\u60c5\u5831\u5b66\u3067\u306f\u5929\u4e0b\u308a\u306e\u5ba2\u89b3\u6027\u306f\u5426\u5b9a\u3057\u3066\u3044\u307e\u3059\u304c\u3001\u793e\u4f1a\u306b\u304a\u3051\u308b\u5171\u901a\u306e\u4e86\u89e3\u306b\u3088\u308b\u7591\u4f3c\u5ba2\u89b3\u6027\u306f\u8a8d\u3081\u3066\u3044\u307e\u3059\u3002\u306a\u306e\u3067\u3001\u201c\u30d0\u30a4\u30ca\u30ea\u30b3\u30fc\u30c9\u3092\u7a7a\u3067\u30c7\u30b3\u30fc\u30c9\u3059\u308b\u3053\u3068\u304c\u3067\u304d\u308b\u4eba\u304c\u3044\u306a\u3044\u201d\u3068\u3044\u3046\u5171\u901a\u306e\u4e86\u89e3\u306e\u3042\u308b\u793e\u4f1a\u306b\u304a\u3044\u3066\u306f\u3001\u300c\u793e\u4f1a\u60c5\u5831\u306f\u30c7\u30b8\u30bf\u30eb\u5316\u3055\u308c\u308b\u3053\u3068\u306b\u3088\u308a\u6a5f\u68b0\u60c5\u5831\u3068\u3057\u3066\u6027\u8cea\u3092\u5e2f\u3073\u308b\u300d\u3068\u7d50\u8ad6\u3059\u308b\u3053\u3068\u306f\u53ef\u80fd\u3060\u3068\u601d\u3044\u307e\u3059\u3002\u3053\u306e\u3088\u3046\u306b\u3001\u793e\u4f1a\u3092\u9650\u5b9a\u3059\u308b\u3053\u3068\u306b\u3088\u3063\u3066\u751f\u3058\u308b\u7591\u4f3c\u5ba2\u89b3\u6027\u306b\u3088\u308a\u3001\u300c\u3007\u3007\u3007\u3007\u3068\u3044\u3046\u793e\u4f1a\u306a\u3089\u3070\u3001\u793e\u4f1a\u60c5\u5831\u306f\u00d7\u00d7\u00d7\u00d7\u306b\u3088\u3063\u3066\u6a5f\u68b0\u60c5\u5831\u3068\u3057\u3066\u306e\u6027\u8cea\u3092\u5e2f\u3073\u308b\u300d\u3068\u3044\u3046\u7d50\u8ad6\u306f\u3044\u304f\u3089\u3067\u3082\u51fa\u305b\u308b\u3067\u3057\u3087\u3046\u3002\u306a\u3093\u3060\u304b\u5e38\u8b58\u306e\u53cd\u610f\u8a9e\u306e\u5b9a\u7fa9\u307f\u305f\u3044\u3067\u3059\u304c(\u7b11)\u3002\n<\/td><\/tr><\/table>\n\n\n\n<p class=\"has-text-align-right vk_block-margin-0--margin-bottom\">\u30da\u30fc\u30b8\u66f4\u65b0\u65e5<\/p>\n\n\n<div class=\"wp-block-post-date__modified-date has-text-align-right wp-block-post-date\"><time datetime=\"2025-05-07T21:53:45+09:00\">2025\u5e745\u67087\u65e5<\/time><\/div>\n\n\n<p><\/p>\n","protected":false},"excerpt":{"rendered":"<p>\u8cea\u554f \u3000\u793e\u4f1a\u60c5\u5831\u3068\u6a5f\u68b0\u60c5\u5831\u306e\u5177\u4f53\u7684\u306a\u5883\u306f\u4f55\u3067\u3059\u304b\uff1f \u8cea\u554f\u8005 \u300cG.N\u300d\u3055\u3093 \u56de\u7b54 \u3000\u201c\u8ab0\u306b\u3067\u3082\u5f53\u3066\u306f\u307e\u308b\u3088\u3046\u306a\u5171\u901a\u3057\u305f\u5177\u4f53\u7684\u306a\u5883\u201d\u3068\u3044\u3046\u3082\u306e\u306f\u5b58\u5728\u3057\u307e\u305b\u3093\u3002 \u00a0\u89e3\u8aac\u30fb\u8aac\u660e \u3000\u6a5f\u68b0\u60c5\u5831\u306f\u793e\u4f1a\u60c5\u5831\u306b\u5305\u62ec\u3055\u308c\u307e\u3059\u306e\u3067\u3001\u6a5f\u68b0\u60c5\u5831 [&hellip;]<\/p>\n","protected":false},"author":1,"featured_media":0,"parent":251,"menu_order":0,"comment_status":"closed","ping_status":"closed","template":"","meta":{"sns_share_botton_hide":"","vkExUnit_sns_title":"","_vk_print_noindex":"","sitemap_hide":"","vkExUnit_sitemap":"","vkExUnit_EyeCatch_disable":"","_veu_custom_css":"","veu_display_promotion_alert":"common","_exclude_from_list_pages":"","vkexunit_cta_each_option":"","vkExUnit_childPageIndex":"","vkExUnit_pageList_ancestor":"","vkExUnit_contact_enable":"","_lightning_design_setting":{"layout":"default"},"footnotes":""},"class_list":["post-439","page","type-page","status-publish","hentry"],"veu_head_title_object":{"title":"","add_site_title":""},"_links":{"self":[{"href":"https:\/\/www.fi-society.org\/index.php\/wp-json\/wp\/v2\/pages\/439","targetHints":{"allow":["GET"]}}],"collection":[{"href":"https:\/\/www.fi-society.org\/index.php\/wp-json\/wp\/v2\/pages"}],"about":[{"href":"https:\/\/www.fi-society.org\/index.php\/wp-json\/wp\/v2\/types\/page"}],"author":[{"embeddable":true,"href":"https:\/\/www.fi-society.org\/index.php\/wp-json\/wp\/v2\/users\/1"}],"replies":[{"embeddable":true,"href":"https:\/\/www.fi-society.org\/index.php\/wp-json\/wp\/v2\/comments?post=439"}],"version-history":[{"count":32,"href":"https:\/\/www.fi-society.org\/index.php\/wp-json\/wp\/v2\/pages\/439\/revisions"}],"predecessor-version":[{"id":695,"href":"https:\/\/www.fi-society.org\/index.php\/wp-json\/wp\/v2\/pages\/439\/revisions\/695"}],"up":[{"embeddable":true,"href":"https:\/\/www.fi-society.org\/index.php\/wp-json\/wp\/v2\/pages\/251"}],"wp:attachment":[{"href":"https:\/\/www.fi-society.org\/index.php\/wp-json\/wp\/v2\/media?parent=439"}],"curies":[{"name":"wp","href":"https:\/\/api.w.org\/{rel}","templated":true}]}}